{"id":2678,"date":"2008-10-03T14:06:00","date_gmt":"2008-10-03T12:06:00","guid":{"rendered":"http:\/\/www.boscarol.com\/blog\/?page_id=2678"},"modified":"2015-07-15T01:57:59","modified_gmt":"2015-07-14T23:57:59","slug":"gestione-del-colore-nel-pdf","status":"publish","type":"page","link":"http:\/\/www.boscarol.com\/blog\/?page_id=2678","title":{"rendered":"Il formato PDF"},"content":{"rendered":"<p>PDF (<em>Portable Document Format<\/em>) \u00e8 un formato grafico sviluppato da Adobe a partire dal 1991 e derivato dal linguaggio PostScript, che pu\u00f2 contenere in un unico file una o pi\u00f9 pagine di testo, font, grafica raster e vettoriale con profili colore (sia ICC che PostScript), elementi multimediali (audio e video) e molte altre informazioni.<\/p>\n<p>Vedere anche la serie <a href=\"http:\/\/www.boscarol.com\/blog\/?page_id=3416\" target=\"_self\">Il formato PDF\/X<\/a>.<\/p>\n<p><img loading=\"lazy\" class=\"alignnone size-full wp-image-3216\" style=\"border: 0px none;\" title=\"Icona del formato PDF\" src=\"https:\/\/i1.wp.com\/www.boscarol.com\/blog\/wp-content\/uploads\/2008\/10\/incona_pdf.jpg?resize=152%2C156\" alt=\"\" width=\"152\" height=\"156\" data-recalc-dims=\"1\" \/><\/p>\n<p>&nbsp;<\/p>\n","protected":false},"excerpt":{"rendered":"<p>PDF (Portable Document Format) \u00e8 un formato grafico sviluppato da Adobe a partire dal 1991 e derivato dal linguaggio PostScript, che pu\u00f2 contenere in un unico file una o pi\u00f9 pagine di testo, font, grafica raster e vettoriale con profili colore (sia ICC che PostScript), elementi multimediali (audio e video) e molte altre informazioni. Vedere [&hellip;]<\/p>\n","protected":false},"author":1,"featured_media":0,"parent":0,"menu_order":130,"comment_status":"open","ping_status":"closed","template":"","meta":{"spay_email":""},"jetpack_shortlink":"https:\/\/wp.me\/PjoVH-Hc","jetpack_sharing_enabled":true,"jetpack_likes_enabled":false,"_links":{"self":[{"href":"http:\/\/www.boscarol.com\/blog\/index.php?rest_route=\/wp\/v2\/pages\/2678"}],"collection":[{"href":"http:\/\/www.boscarol.com\/blog\/index.php?rest_route=\/wp\/v2\/pages"}],"about":[{"href":"http:\/\/www.boscarol.com\/blog\/index.php?rest_route=\/wp\/v2\/types\/page"}],"author":[{"embeddable":true,"href":"http:\/\/www.boscarol.com\/blog\/index.php?rest_route=\/wp\/v2\/users\/1"}],"replies":[{"embeddable":true,"href":"http:\/\/www.boscarol.com\/blog\/index.php?rest_route=%2Fwp%2Fv2%2Fcomments&post=2678"}],"version-history":[{"count":28,"href":"http:\/\/www.boscarol.com\/blog\/index.php?rest_route=\/wp\/v2\/pages\/2678\/revisions"}],"predecessor-version":[{"id":25475,"href":"http:\/\/www.boscarol.com\/blog\/index.php?rest_route=\/wp\/v2\/pages\/2678\/revisions\/25475"}],"wp:attachment":[{"href":"http:\/\/www.boscarol.com\/blog\/index.php?rest_route=%2Fwp%2Fv2%2Fmedia&parent=2678"}],"curies":[{"name":"wp","href":"https:\/\/api.w.org\/{rel}","templated":true}]}}